{"id":46,"date":"2026-04-09T10:04:01","date_gmt":"2026-04-09T10:04:01","guid":{"rendered":"https:\/\/fimsie.com\/?page_id=46"},"modified":"2026-04-09T10:19:50","modified_gmt":"2026-04-09T10:19:50","slug":"fun-freebies","status":"publish","type":"page","link":"https:\/\/fimsie.com\/?page_id=46","title":{"rendered":"Fun Freebies"},"content":{"rendered":"\n<p>Please download anything you like. Enjoy your creative work in any way you want. I&#8217;d love it if you will send me your ideas. Then you have the chance to win a free eBook and perhaps get your work published on the blog. I will only write your forename to keep it anonymously. Thanks. <\/p>\n\n\n\n<div class=\"wp-block-media-text is-stacked-on-mobile\" style=\"grid-template-columns:23% auto\"><figure class=\"wp-block-media-text__media\"><img loading=\"lazy\" decoding=\"async\" width=\"724\" height=\"1024\" src=\"https:\/\/fimsie.com\/wp-content\/uploads\/2026\/04\/60-of-Mega-Boss-inside-portal-1-724x1024.jpg\" alt=\"\" class=\"wp-image-49 size-full\" srcset=\"https:\/\/fimsie.com\/wp-content\/uploads\/2026\/04\/60-of-Mega-Boss-inside-portal-1-724x1024.jpg 724w, https:\/\/fimsie.com\/wp-content\/uploads\/2026\/04\/60-of-Mega-Boss-inside-portal-1-212x300.jpg 212w, https:\/\/fimsie.com\/wp-content\/uploads\/2026\/04\/60-of-Mega-Boss-inside-portal-1-768x1086.jpg 768w, https:\/\/fimsie.com\/wp-content\/uploads\/2026\/04\/60-of-Mega-Boss-inside-portal-1-1087x1536.jpg 1087w, https:\/\/fimsie.com\/wp-content\/uploads\/2026\/04\/60-of-Mega-Boss-inside-portal-1-1449x2048.jpg 1449w, https:\/\/fimsie.com\/wp-content\/uploads\/2026\/04\/60-of-Mega-Boss-inside-portal-1-8x12.jpg 8w, https:\/\/fimsie.com\/wp-content\/uploads\/2026\/04\/60-of-Mega-Boss-inside-portal-1-scaled.jpg 1811w\" sizes=\"auto, (max-width: 724px) 100vw, 724px\" \/><\/figure><div class=\"wp-block-media-text__content\">\n<p>Build Mega Boss Machine<br><br>This text was made by making the image &#8220;Text and Media.&#8221;<\/p>\n<\/div><\/div>\n\n\n\n<div class=\"wp-block-cover\"><img loading=\"lazy\" decoding=\"async\" width=\"724\" height=\"1024\" class=\"wp-block-cover__image-background wp-image-54\" alt=\"\" src=\"https:\/\/fimsie.com\/wp-content\/uploads\/2026\/04\/60-of-Mega-Boss-inside-portal-2-724x1024.jpg\" data-object-fit=\"cover\" srcset=\"https:\/\/fimsie.com\/wp-content\/uploads\/2026\/04\/60-of-Mega-Boss-inside-portal-2-724x1024.jpg 724w, https:\/\/fimsie.com\/wp-content\/uploads\/2026\/04\/60-of-Mega-Boss-inside-portal-2-212x300.jpg 212w, https:\/\/fimsie.com\/wp-content\/uploads\/2026\/04\/60-of-Mega-Boss-inside-portal-2-768x1086.jpg 768w, https:\/\/fimsie.com\/wp-content\/uploads\/2026\/04\/60-of-Mega-Boss-inside-portal-2-1087x1536.jpg 1087w, https:\/\/fimsie.com\/wp-content\/uploads\/2026\/04\/60-of-Mega-Boss-inside-portal-2-1449x2048.jpg 1449w, https:\/\/fimsie.com\/wp-content\/uploads\/2026\/04\/60-of-Mega-Boss-inside-portal-2-8x12.jpg 8w, https:\/\/fimsie.com\/wp-content\/uploads\/2026\/04\/60-of-Mega-Boss-inside-portal-2-scaled.jpg 1811w\" sizes=\"auto, (max-width: 724px) 100vw, 724px\" \/><span aria-hidden=\"true\" class=\"wp-block-cover__background has-background-dim\"><\/span><div class=\"wp-block-cover__inner-container is-layout-flow wp-block-cover-is-layout-flow\">\n<p class=\"has-text-align-center has-large-font-size\">This text is made by choosing to make the image &#8220;Cover&#8221;.<\/p>\n<\/div><\/div>\n\n\n\n<div class=\"wp-block-file\"><a href=\"https:\/\/fimsie.com\/wp-content\/uploads\/2026\/04\/60-of-Mega-Boss-inside-portal-724x1024.jpg\">60-of-Mega-Boss-inside-portal-724&#215;1024.jpg<\/a><a href=\"https:\/\/fimsie.com\/wp-content\/uploads\/2026\/04\/60-of-Mega-Boss-inside-portal-724x1024.jpg\" class=\"wp-block-file__button wp-element-button\" download>Download<\/a><\/div>\n\n\n\n<figure class=\"wp-block-image size-large\"><img loading=\"lazy\" decoding=\"async\" width=\"1024\" height=\"576\" src=\"https:\/\/fimsie.com\/wp-content\/uploads\/2026\/04\/Skjermbilde-2026-04-09-12.03.34-1024x576.png\" alt=\"\" class=\"wp-image-50\" srcset=\"https:\/\/fimsie.com\/wp-content\/uploads\/2026\/04\/Skjermbilde-2026-04-09-12.03.34-1024x576.png 1024w, https:\/\/fimsie.com\/wp-content\/uploads\/2026\/04\/Skjermbilde-2026-04-09-12.03.34-300x169.png 300w, https:\/\/fimsie.com\/wp-content\/uploads\/2026\/04\/Skjermbilde-2026-04-09-12.03.34-768x432.png 768w, https:\/\/fimsie.com\/wp-content\/uploads\/2026\/04\/Skjermbilde-2026-04-09-12.03.34-1536x864.png 1536w, https:\/\/fimsie.com\/wp-content\/uploads\/2026\/04\/Skjermbilde-2026-04-09-12.03.34-18x10.png 18w, https:\/\/fimsie.com\/wp-content\/uploads\/2026\/04\/Skjermbilde-2026-04-09-12.03.34.png 1920w\" sizes=\"auto, (max-width: 1024px) 100vw, 1024px\" \/><\/figure>\n\n\n\n<p>Her klikker man p\u00e5 bilde ikonet, og velger file. da f\u00e5r man en download lenke og knapp. bildet m\u00e5 man sett inn igjen for \u00e5 vises.<\/p>\n","protected":false},"excerpt":{"rendered":"<p>Please download anything you like. Enjoy your creative work in any way you want. I&#8217;d love it if you will [&hellip;]<\/p>\n","protected":false},"author":1,"featured_media":0,"parent":0,"menu_order":0,"comment_status":"closed","ping_status":"closed","template":"","meta":{"site-sidebar-layout":"default","site-content-layout":"","ast-site-content-layout":"default","site-content-style":"default","site-sidebar-style":"default","ast-global-header-display":"","ast-banner-title-visibility":"","ast-main-header-display":"","ast-hfb-above-header-display":"","ast-hfb-below-header-display":"","ast-hfb-mobile-header-display":"","site-post-title":"","ast-breadcrumbs-content":"","ast-featured-img":"","footer-sml-layout":"","ast-disable-related-posts":"","theme-transparent-header-meta":"","adv-header-id-meta":"","stick-header-meta":"","header-above-stick-meta":"","header-main-stick-meta":"","header-below-stick-meta":"","astra-migrate-meta-layouts":"default","ast-page-background-enabled":"default","ast-page-background-meta":{"desktop":{"background-color":"var(--ast-global-color-5)","background-image":"","background-repeat":"repeat","background-position":"center center","background-size":"auto","background-attachment":"scroll","background-type":"","background-media":"","overlay-type":"","overlay-color":"","overlay-opacity":"","overlay-gradient":""},"tablet":{"background-color":"","background-image":"","background-repeat":"repeat","background-position":"center center","background-size":"auto","background-attachment":"scroll","background-type":"","background-media":"","overlay-type":"","overlay-color":"","overlay-opacity":"","overlay-gradient":""},"mobile":{"background-color":"","background-image":"","background-repeat":"repeat","background-position":"center center","background-size":"auto","background-attachment":"scroll","background-type":"","background-media":"","overlay-type":"","overlay-color":"","overlay-opacity":"","overlay-gradient":""}},"ast-content-background-meta":{"desktop":{"background-color":"var(--ast-global-color-4)","background-image":"","background-repeat":"repeat","background-position":"center center","background-size":"auto","background-attachment":"scroll","background-type":"","background-media":"","overlay-type":"","overlay-color":"","overlay-opacity":"","overlay-gradient":""},"tablet":{"background-color":"var(--ast-global-color-4)","background-image":"","background-repeat":"repeat","background-position":"center center","background-size":"auto","background-attachment":"scroll","background-type":"","background-media":"","overlay-type":"","overlay-color":"","overlay-opacity":"","overlay-gradient":""},"mobile":{"background-color":"var(--ast-global-color-4)","background-image":"","background-repeat":"repeat","background-position":"center center","background-size":"auto","background-attachment":"scroll","background-type":"","background-media":"","overlay-type":"","overlay-color":"","overlay-opacity":"","overlay-gradient":""}},"footnotes":""},"class_list":["post-46","page","type-page","status-publish","hentry"],"yoast_head":"<!-- This site is optimized with the Yoast SEO plugin v27.3 - https:\/\/yoast.com\/product\/yoast-seo-wordpress\/ -->\n<title>Fun Freebies - fimsie.com<\/title>\n<meta name=\"robots\" content=\"index, follow, max-snippet:-1, max-image-preview:large, max-video-preview:-1\" \/>\n<link rel=\"canonical\" href=\"https:\/\/fimsie.com\/?page_id=46\" \/>\n<meta property=\"og:locale\" content=\"en_US\" \/>\n<meta property=\"og:type\" content=\"article\" \/>\n<meta property=\"og:title\" content=\"Fun Freebies - fimsie.com\" \/>\n<meta property=\"og:description\" content=\"Please download anything you like. Enjoy your creative work in any way you want. I&#8217;d love it if you will [&hellip;]\" \/>\n<meta property=\"og:url\" content=\"https:\/\/fimsie.com\/?page_id=46\" \/>\n<meta property=\"og:site_name\" content=\"fimsie.com\" \/>\n<meta property=\"article:modified_time\" content=\"2026-04-09T10:19:50+00:00\" \/>\n<meta property=\"og:image\" content=\"https:\/\/fimsie.com\/wp-content\/uploads\/2026\/04\/60-of-Mega-Boss-inside-portal-1-scaled.jpg\" \/>\n\t<meta property=\"og:image:width\" content=\"1811\" \/>\n\t<meta property=\"og:image:height\" content=\"2560\" \/>\n\t<meta property=\"og:image:type\" content=\"image\/jpeg\" \/>\n<meta name=\"twitter:card\" content=\"summary_large_image\" \/>\n<meta name=\"twitter:label1\" content=\"Est. reading time\" \/>\n\t<meta name=\"twitter:data1\" content=\"1 minute\" \/>\n<script type=\"application\/ld+json\" class=\"yoast-schema-graph\">{\"@context\":\"https:\\\/\\\/schema.org\",\"@graph\":[{\"@type\":\"WebPage\",\"@id\":\"https:\\\/\\\/fimsie.com\\\/?page_id=46\",\"url\":\"https:\\\/\\\/fimsie.com\\\/?page_id=46\",\"name\":\"Fun Freebies - fimsie.com\",\"isPartOf\":{\"@id\":\"http:\\\/\\\/fimsie.com\\\/#website\"},\"primaryImageOfPage\":{\"@id\":\"https:\\\/\\\/fimsie.com\\\/?page_id=46#primaryimage\"},\"image\":{\"@id\":\"https:\\\/\\\/fimsie.com\\\/?page_id=46#primaryimage\"},\"thumbnailUrl\":\"https:\\\/\\\/fimsie.com\\\/wp-content\\\/uploads\\\/2026\\\/04\\\/60-of-Mega-Boss-inside-portal-1-724x1024.jpg\",\"datePublished\":\"2026-04-09T10:04:01+00:00\",\"dateModified\":\"2026-04-09T10:19:50+00:00\",\"breadcrumb\":{\"@id\":\"https:\\\/\\\/fimsie.com\\\/?page_id=46#breadcrumb\"},\"inLanguage\":\"en-US\",\"potentialAction\":[{\"@type\":\"ReadAction\",\"target\":[\"https:\\\/\\\/fimsie.com\\\/?page_id=46\"]}]},{\"@type\":\"ImageObject\",\"inLanguage\":\"en-US\",\"@id\":\"https:\\\/\\\/fimsie.com\\\/?page_id=46#primaryimage\",\"url\":\"https:\\\/\\\/fimsie.com\\\/wp-content\\\/uploads\\\/2026\\\/04\\\/60-of-Mega-Boss-inside-portal-1-scaled.jpg\",\"contentUrl\":\"https:\\\/\\\/fimsie.com\\\/wp-content\\\/uploads\\\/2026\\\/04\\\/60-of-Mega-Boss-inside-portal-1-scaled.jpg\",\"width\":1811,\"height\":2560},{\"@type\":\"BreadcrumbList\",\"@id\":\"https:\\\/\\\/fimsie.com\\\/?page_id=46#breadcrumb\",\"itemListElement\":[{\"@type\":\"ListItem\",\"position\":1,\"name\":\"Home\",\"item\":\"https:\\\/\\\/fimsie.com\\\/\"},{\"@type\":\"ListItem\",\"position\":2,\"name\":\"Fun Freebies\"}]},{\"@type\":\"WebSite\",\"@id\":\"http:\\\/\\\/fimsie.com\\\/#website\",\"url\":\"http:\\\/\\\/fimsie.com\\\/\",\"name\":\"fimsie.com\",\"description\":\"\",\"publisher\":{\"@id\":\"http:\\\/\\\/fimsie.com\\\/#organization\"},\"potentialAction\":[{\"@type\":\"SearchAction\",\"target\":{\"@type\":\"EntryPoint\",\"urlTemplate\":\"http:\\\/\\\/fimsie.com\\\/?s={search_term_string}\"},\"query-input\":{\"@type\":\"PropertyValueSpecification\",\"valueRequired\":true,\"valueName\":\"search_term_string\"}}],\"inLanguage\":\"en-US\"},{\"@type\":\"Organization\",\"@id\":\"http:\\\/\\\/fimsie.com\\\/#organization\",\"name\":\"fimsie.com\",\"url\":\"http:\\\/\\\/fimsie.com\\\/\",\"logo\":{\"@type\":\"ImageObject\",\"inLanguage\":\"en-US\",\"@id\":\"http:\\\/\\\/fimsie.com\\\/#\\\/schema\\\/logo\\\/image\\\/\",\"url\":\"https:\\\/\\\/fimsie.com\\\/wp-content\\\/uploads\\\/2026\\\/03\\\/logo.png\",\"contentUrl\":\"https:\\\/\\\/fimsie.com\\\/wp-content\\\/uploads\\\/2026\\\/03\\\/logo.png\",\"width\":156,\"height\":40,\"caption\":\"fimsie.com\"},\"image\":{\"@id\":\"http:\\\/\\\/fimsie.com\\\/#\\\/schema\\\/logo\\\/image\\\/\"}}]}<\/script>\n<!-- \/ Yoast SEO plugin. -->","yoast_head_json":{"title":"Fun Freebies - fimsie.com","robots":{"index":"index","follow":"follow","max-snippet":"max-snippet:-1","max-image-preview":"max-image-preview:large","max-video-preview":"max-video-preview:-1"},"canonical":"https:\/\/fimsie.com\/?page_id=46","og_locale":"en_US","og_type":"article","og_title":"Fun Freebies - fimsie.com","og_description":"Please download anything you like. Enjoy your creative work in any way you want. I&#8217;d love it if you will [&hellip;]","og_url":"https:\/\/fimsie.com\/?page_id=46","og_site_name":"fimsie.com","article_modified_time":"2026-04-09T10:19:50+00:00","og_image":[{"width":1811,"height":2560,"url":"https:\/\/fimsie.com\/wp-content\/uploads\/2026\/04\/60-of-Mega-Boss-inside-portal-1-scaled.jpg","type":"image\/jpeg"}],"twitter_card":"summary_large_image","twitter_misc":{"Est. reading time":"1 minute"},"schema":{"@context":"https:\/\/schema.org","@graph":[{"@type":"WebPage","@id":"https:\/\/fimsie.com\/?page_id=46","url":"https:\/\/fimsie.com\/?page_id=46","name":"Fun Freebies - fimsie.com","isPartOf":{"@id":"http:\/\/fimsie.com\/#website"},"primaryImageOfPage":{"@id":"https:\/\/fimsie.com\/?page_id=46#primaryimage"},"image":{"@id":"https:\/\/fimsie.com\/?page_id=46#primaryimage"},"thumbnailUrl":"https:\/\/fimsie.com\/wp-content\/uploads\/2026\/04\/60-of-Mega-Boss-inside-portal-1-724x1024.jpg","datePublished":"2026-04-09T10:04:01+00:00","dateModified":"2026-04-09T10:19:50+00:00","breadcrumb":{"@id":"https:\/\/fimsie.com\/?page_id=46#breadcrumb"},"inLanguage":"en-US","potentialAction":[{"@type":"ReadAction","target":["https:\/\/fimsie.com\/?page_id=46"]}]},{"@type":"ImageObject","inLanguage":"en-US","@id":"https:\/\/fimsie.com\/?page_id=46#primaryimage","url":"https:\/\/fimsie.com\/wp-content\/uploads\/2026\/04\/60-of-Mega-Boss-inside-portal-1-scaled.jpg","contentUrl":"https:\/\/fimsie.com\/wp-content\/uploads\/2026\/04\/60-of-Mega-Boss-inside-portal-1-scaled.jpg","width":1811,"height":2560},{"@type":"BreadcrumbList","@id":"https:\/\/fimsie.com\/?page_id=46#breadcrumb","itemListElement":[{"@type":"ListItem","position":1,"name":"Home","item":"https:\/\/fimsie.com\/"},{"@type":"ListItem","position":2,"name":"Fun Freebies"}]},{"@type":"WebSite","@id":"http:\/\/fimsie.com\/#website","url":"http:\/\/fimsie.com\/","name":"fimsie.com","description":"","publisher":{"@id":"http:\/\/fimsie.com\/#organization"},"potentialAction":[{"@type":"SearchAction","target":{"@type":"EntryPoint","urlTemplate":"http:\/\/fimsie.com\/?s={search_term_string}"},"query-input":{"@type":"PropertyValueSpecification","valueRequired":true,"valueName":"search_term_string"}}],"inLanguage":"en-US"},{"@type":"Organization","@id":"http:\/\/fimsie.com\/#organization","name":"fimsie.com","url":"http:\/\/fimsie.com\/","logo":{"@type":"ImageObject","inLanguage":"en-US","@id":"http:\/\/fimsie.com\/#\/schema\/logo\/image\/","url":"https:\/\/fimsie.com\/wp-content\/uploads\/2026\/03\/logo.png","contentUrl":"https:\/\/fimsie.com\/wp-content\/uploads\/2026\/03\/logo.png","width":156,"height":40,"caption":"fimsie.com"},"image":{"@id":"http:\/\/fimsie.com\/#\/schema\/logo\/image\/"}}]}},"_links":{"self":[{"href":"https:\/\/fimsie.com\/index.php?rest_route=\/wp\/v2\/pages\/46","targetHints":{"allow":["GET"]}}],"collection":[{"href":"https:\/\/fimsie.com\/index.php?rest_route=\/wp\/v2\/pages"}],"about":[{"href":"https:\/\/fimsie.com\/index.php?rest_route=\/wp\/v2\/types\/page"}],"author":[{"embeddable":true,"href":"https:\/\/fimsie.com\/index.php?rest_route=\/wp\/v2\/users\/1"}],"replies":[{"embeddable":true,"href":"https:\/\/fimsie.com\/index.php?rest_route=%2Fwp%2Fv2%2Fcomments&post=46"}],"version-history":[{"count":3,"href":"https:\/\/fimsie.com\/index.php?rest_route=\/wp\/v2\/pages\/46\/revisions"}],"predecessor-version":[{"id":55,"href":"https:\/\/fimsie.com\/index.php?rest_route=\/wp\/v2\/pages\/46\/revisions\/55"}],"wp:attachment":[{"href":"https:\/\/fimsie.com\/index.php?rest_route=%2Fwp%2Fv2%2Fmedia&parent=46"}],"curies":[{"name":"wp","href":"https:\/\/api.w.org\/{rel}","templated":true}]}}